{"id":3299,"date":"2025-11-04T11:32:12","date_gmt":"2025-11-04T11:32:12","guid":{"rendered":"https:\/\/www.innoface.com\/?page_id=3299"},"modified":"2025-11-05T14:53:01","modified_gmt":"2025-11-05T14:53:01","slug":"jobs-werkstudent-softwareentwicklung","status":"publish","type":"page","link":"https:\/\/www.innoface.com\/de\/karriere\/jobs-werkstudent-softwareentwicklung\/","title":{"rendered":"Job &#8211; Werkstudent Qualit\u00e4tssicherung\/ Softwareentwicklung (w\/d\/m)"},"content":{"rendered":"<p>[et_pb_section fb_built=&#8220;1&#8243; _builder_version=&#8220;4.27.4&#8243; _module_preset=&#8220;default&#8220; background_color=&#8220;#294462&#8243; background_image=&#8220;https:\/\/www.innoface.com\/wp-content\/uploads\/2025\/11\/Job_posting_1.jpg&#8220; background_position=&#8220;top_center&#8220; background_vertical_offset=&#8220;40%&#8220; height=&#8220;50vh&#8220; height_tablet=&#8220;450px&#8220; height_phone=&#8220;350px&#8220; height_last_edited=&#8220;on|phone&#8220; top_divider_height_tablet=&#8220;60px&#8220; top_divider_height_phone=&#8220;30px&#8220; top_divider_height_last_edited=&#8220;on|phone&#8220; bottom_divider_style=&#8220;slant&#8220; bottom_divider_color=&#8220;#FFFFFF&#8220; bottom_divider_flip=&#8220;vertical&#8220; bottom_divider_height_tablet=&#8220;60px&#8220; bottom_divider_height_phone=&#8220;40px&#8220; bottom_divider_height_last_edited=&#8220;on|phone&#8220; global_colors_info=&#8220;{}&#8220;][et_pb_row _builder_version=&#8220;4.27.4&#8243; _module_preset=&#8220;default&#8220; positioning=&#8220;absolute&#8220; position_origin_a=&#8220;center_center&#8220; global_colors_info=&#8220;{}&#8220;][et_pb_column type=&#8220;4_4&#8243; _builder_version=&#8220;4.27.4&#8243; _module_preset=&#8220;default&#8220; global_colors_info=&#8220;{}&#8220;][\/et_pb_column][\/et_pb_row][\/et_pb_section][et_pb_section fb_built=&#8220;1&#8243; _builder_version=&#8220;4.27.4&#8243; _module_preset=&#8220;default&#8220; custom_padding=&#8220;80px|0px|3px|0px|false|false&#8220; global_colors_info=&#8220;{}&#8220;][et_pb_row _builder_version=&#8220;4.27.4&#8243; _module_preset=&#8220;default&#8220; global_colors_info=&#8220;{}&#8220;][et_pb_column type=&#8220;4_4&#8243; _builder_version=&#8220;4.27.4&#8243; _module_preset=&#8220;default&#8220; global_colors_info=&#8220;{}&#8220;][et_pb_text _builder_version=&#8220;4.27.4&#8243; _module_preset=&#8220;79101eed-a10a-4af4-8e1e-80c0f5048178&#8243; header_text_align=&#8220;left&#8220; header_text_color=&#8220;#AECA00&#8243; max_width=&#8220;1000px&#8220; module_alignment=&#8220;left&#8220; global_colors_info=&#8220;{}&#8220;]<\/p>\n<h1>Werkstudent<br \/>Qualit\u00e4tssicherung\/ Softwareentwicklung<br \/>(w\/d\/m)<\/h1>\n<p>[\/et_pb_text][\/et_pb_column][\/et_pb_row][\/et_pb_section][et_pb_section fb_built=&#8220;1&#8243; _builder_version=&#8220;4.27.4&#8243; _module_preset=&#8220;default&#8220; custom_padding=&#8220;30px|0px|20px|0px|false|false&#8220; global_colors_info=&#8220;{}&#8220;][et_pb_row column_structure=&#8220;1_6,1_6,1_6,1_2&#8243; _builder_version=&#8220;4.27.4&#8243; _module_preset=&#8220;default&#8220; global_colors_info=&#8220;{}&#8220;][et_pb_column type=&#8220;1_6&#8243; _builder_version=&#8220;4.27.4&#8243; _module_preset=&#8220;default&#8220; global_colors_info=&#8220;{}&#8220;][et_pb_blurb title=&#8220;20h\/Woche&#8220; image=&#8220;https:\/\/www.innoface.com\/wp-content\/uploads\/2025\/11\/time_blue.svg&#8220; image_icon_width=&#8220;35%&#8220; _builder_version=&#8220;4.27.4&#8243; _module_preset=&#8220;default&#8220; header_text_align=&#8220;center&#8220; header_text_color=&#8220;#294462&#8243; header_font_size=&#8220;20px&#8220; image_icon_custom_margin=&#8220;||-10px||false|false&#8220; image_icon_custom_padding=&#8220;||||false|false&#8220; custom_margin=&#8220;||||false|false&#8220; global_colors_info=&#8220;{}&#8220;][\/et_pb_blurb][\/et_pb_column][et_pb_column type=&#8220;1_6&#8243; _builder_version=&#8220;4.27.4&#8243; _module_preset=&#8220;default&#8220; global_colors_info=&#8220;{}&#8220;][et_pb_blurb title=&#8220;Ab sofort&#8220; image=&#8220;https:\/\/www.innoface.com\/wp-content\/uploads\/2025\/11\/calendar_blue.svg&#8220; image_icon_width=&#8220;35%&#8220; _builder_version=&#8220;4.27.4&#8243; _module_preset=&#8220;default&#8220; header_text_align=&#8220;center&#8220; header_text_color=&#8220;#294462&#8243; header_font_size=&#8220;20px&#8220; image_icon_custom_margin=&#8220;||-10px||false|false&#8220; image_icon_custom_padding=&#8220;||||false|false&#8220; custom_margin=&#8220;||||false|false&#8220; global_colors_info=&#8220;{}&#8220;][\/et_pb_blurb][\/et_pb_column][et_pb_column type=&#8220;1_6&#8243; _builder_version=&#8220;4.27.4&#8243; _module_preset=&#8220;default&#8220; global_colors_info=&#8220;{}&#8220;][et_pb_blurb title=&#8220;Karlsruhe&#8220; image=&#8220;https:\/\/www.innoface.com\/wp-content\/uploads\/2025\/11\/location_blue.svg&#8220; image_icon_width=&#8220;35%&#8220; _builder_version=&#8220;4.27.4&#8243; _module_preset=&#8220;default&#8220; header_text_align=&#8220;center&#8220; header_text_color=&#8220;#294462&#8243; header_font_size=&#8220;20px&#8220; image_icon_custom_margin=&#8220;||-10px||false|false&#8220; image_icon_custom_padding=&#8220;||||false|false&#8220; custom_margin=&#8220;||||false|false&#8220; global_colors_info=&#8220;{}&#8220;][\/et_pb_blurb][\/et_pb_column][et_pb_column type=&#8220;1_2&#8243; _builder_version=&#8220;4.27.4&#8243; _module_preset=&#8220;default&#8220; global_colors_info=&#8220;{}&#8220;][\/et_pb_column][\/et_pb_row][\/et_pb_section][et_pb_section fb_built=&#8220;1&#8243; _builder_version=&#8220;4.27.4&#8243; _module_preset=&#8220;default&#8220; custom_padding=&#8220;60px|0px|29px|0px|false|false&#8220; global_colors_info=&#8220;{}&#8220;][et_pb_row _builder_version=&#8220;4.27.4&#8243; _module_preset=&#8220;default&#8220; global_colors_info=&#8220;{}&#8220;][et_pb_column type=&#8220;4_4&#8243; _builder_version=&#8220;4.27.4&#8243; _module_preset=&#8220;default&#8220; global_colors_info=&#8220;{}&#8220;][et_pb_text _builder_version=&#8220;4.27.4&#8243; _module_preset=&#8220;default&#8220; max_width=&#8220;800px&#8220; global_colors_info=&#8220;{}&#8220;]<\/p>\n<p style=\"font-size: 25px; font-weight: 800; color: #294462; line-height: 1.2em;\">Gestalte Deine berufliche Zukunft mit uns!<\/p>\n<p>[\/et_pb_text][et_pb_text _builder_version=&#8220;4.27.4&#8243; _module_preset=&#8220;default&#8220; max_width=&#8220;800px&#8220; global_colors_info=&#8220;{}&#8220;]<\/p>\n<p>Bereit f\u00fcr echte Projekte? Als Werkstudent in der Softwareentwicklung bei Innoface wirst du nicht nur theoretisches Wissen anwenden, sondern auch aktiv unsere Produkte weiterentwickeln und unser Team mit deiner frischen Perspektive und dynamischen Ideen bereichern.<\/p>\n<p>[\/et_pb_text][et_pb_text _builder_version=&#8220;4.27.4&#8243; _module_preset=&#8220;default&#8220; max_width=&#8220;800px&#8220; custom_margin=&#8220;45px||20px||false|false&#8220; global_colors_info=&#8220;{}&#8220;]<\/p>\n<p style=\"font-size: 25px; font-weight: 800; color: #294462; line-height: 1.2em;\">Innoface AG<\/p>\n<p>[\/et_pb_text][et_pb_text _builder_version=&#8220;4.27.4&#8243; _module_preset=&#8220;default&#8220; max_width=&#8220;800px&#8220; global_colors_info=&#8220;{}&#8220;]<\/p>\n<p>Unsere Integrationsl\u00f6sung CoreFace auf der Basis von AWS koppelt das weltweit verbreitete PTC Windchill mit wichtigen ERP-Systemen wie SAP, S\/4HANA, Microsoft D365 und weiteren. Dabei werden die g\u00e4ngigen und aktuellen Technologien und Programmiersprachen eingesetzt.<\/p>\n<p>[\/et_pb_text][\/et_pb_column][\/et_pb_row][\/et_pb_section][et_pb_section fb_built=&#8220;1&#8243; _builder_version=&#8220;4.27.4&#8243; _module_preset=&#8220;default&#8220; custom_padding=&#8220;60px|0px|30px|0px|false|false&#8220; global_colors_info=&#8220;{}&#8220;][et_pb_row _builder_version=&#8220;4.27.4&#8243; _module_preset=&#8220;default&#8220; global_colors_info=&#8220;{}&#8220;][et_pb_column type=&#8220;4_4&#8243; _builder_version=&#8220;4.27.4&#8243; _module_preset=&#8220;default&#8220; global_colors_info=&#8220;{}&#8220;][et_pb_text _builder_version=&#8220;4.27.4&#8243; _module_preset=&#8220;fe253f32-cb98-49c5-af65-c347e3ecf163&#8243; header_3_font=&#8220;|800|||||||&#8220; header_3_text_color=&#8220;#AECA00&#8243; header_3_font_size=&#8220;30px&#8220; module_alignment=&#8220;left&#8220; global_colors_info=&#8220;{}&#8220;]<\/p>\n<h3>Was Du bei uns lernst und umsetzt.<\/h3>\n<p>[\/et_pb_text][et_pb_text _builder_version=&#8220;4.27.4&#8243; _module_preset=&#8220;default&#8220; text_font=&#8220;||||||||&#8220; max_width=&#8220;800px&#8220; global_colors_info=&#8220;{}&#8220;]<\/p>\n<ul>\n<li>Mit deinem ausgepr\u00e4gten Qualit\u00e4tsbewusstsein pr\u00fcfst du umgesetzte Anforderungen und neue Funktionen eigenst\u00e4ndig und identifizierst sowie dokumentierst eventuell auftretende Fehler.<\/li>\n<li>Du programmierst automatisierte Tests und unterst\u00fctzt das Team bei der t\u00e4glichen Qualit\u00e4tssicherung.<\/li>\n<li>Du sammelst praktische Erfahrungen mit unseren agilen Methoden wie Sprints, Sprintplanung, Daily Scrums und Retrospektiven.<\/li>\n<li>Bei Bedarf unterst\u00fctzt du unsere technische Redaktion bei der Produktdokumentation.<\/li>\n<\/ul>\n<p>[\/et_pb_text][\/et_pb_column][\/et_pb_row][et_pb_row _builder_version=&#8220;4.27.4&#8243; _module_preset=&#8220;default&#8220; custom_margin=&#8220;25px||0px||false|false&#8220; global_colors_info=&#8220;{}&#8220;][et_pb_column type=&#8220;4_4&#8243; _builder_version=&#8220;4.27.4&#8243; _module_preset=&#8220;default&#8220; global_colors_info=&#8220;{}&#8220;][et_pb_text _builder_version=&#8220;4.27.4&#8243; _module_preset=&#8220;fe253f32-cb98-49c5-af65-c347e3ecf163&#8243; header_3_font=&#8220;|800|||||||&#8220; header_3_text_color=&#8220;#AECA00&#8243; header_3_font_size=&#8220;30px&#8220; module_alignment=&#8220;left&#8220; global_colors_info=&#8220;{}&#8220;]<\/p>\n<h3>Was Du mitbringst.<\/h3>\n<p>[\/et_pb_text][et_pb_text _builder_version=&#8220;4.27.4&#8243; _module_preset=&#8220;default&#8220; text_font=&#8220;||||||||&#8220; max_width=&#8220;800px&#8220; global_colors_info=&#8220;{}&#8220;]<\/p>\n<ul>\n<li>Du bist immatrikulierter Student der (Wirtschafts-)Informatik oder eines vergleichbaren Studiengangs.<\/li>\n<li>Du interessierst dich f\u00fcr moderne Anwendungen und Software.<\/li>\n<li>Deine selbst\u00e4ndige Arbeitsweise zeichnet dich aus.<\/li>\n<li>Idealerweise bringst du Erfahrungen mit Tools wie JIRA und\/ oder Confluence mit und kennst Java sowie TypeScript.<\/li>\n<li>Du hast erste Erfahrungen im Software-Testing, gerne auch aus der Entwicklerperspektive.<\/li>\n<li>Du hast gute Deutsch- und Englischkenntnisse.<\/li>\n<\/ul>\n<p>[\/et_pb_text][\/et_pb_column][\/et_pb_row][et_pb_row _builder_version=&#8220;4.27.4&#8243; _module_preset=&#8220;default&#8220; custom_margin=&#8220;25px||0px||false|false&#8220; global_colors_info=&#8220;{}&#8220;][et_pb_column type=&#8220;4_4&#8243; _builder_version=&#8220;4.27.4&#8243; _module_preset=&#8220;default&#8220; global_colors_info=&#8220;{}&#8220;][et_pb_text _builder_version=&#8220;4.27.4&#8243; _module_preset=&#8220;fe253f32-cb98-49c5-af65-c347e3ecf163&#8243; header_3_font=&#8220;|800|||||||&#8220; header_3_text_color=&#8220;#AECA00&#8243; header_3_font_size=&#8220;30px&#8220; module_alignment=&#8220;left&#8220; global_colors_info=&#8220;{}&#8220;]<\/p>\n<h3>Innoface AG &#8211; Dein Arbeitgeber.<\/h3>\n<p>[\/et_pb_text][et_pb_text _builder_version=&#8220;4.27.4&#8243; _module_preset=&#8220;default&#8220; text_font=&#8220;||||||||&#8220; max_width=&#8220;800px&#8220; global_colors_info=&#8220;{}&#8220;]<\/p>\n<ul>\n<li><strong>Gemeinsam wachsen.<\/strong> Die Innoface AG ist ein Arbeitgeber, der dich in allen Lebensphasen bestm\u00f6glich unterst\u00fctzen m\u00f6chte.<\/li>\n<li><strong>Weiterbildungs- und Entwicklungsm\u00f6glichkeiten.<\/strong> Wir wissen das Know-How und Expertenwissen unserer Mitarbeiter zu sch\u00e4tzen und f\u00f6rdern dieses entsprechend individuell.<\/li>\n<li><strong>Modernes B\u00fcro und optimale Anbindung.<\/strong> Modern ausgestattetes B\u00fcro in zentraler Lage am Karlsruher Hauptbahnhof; gute Verkehrsanbindung<\/li>\n<li>Du m\u00f6chtest nach deinem Studium voll durchstarten? Gerne sprechen wir mit dir \u00fcber gemeinsame Perspektiven!<\/li>\n<\/ul>\n<p>[\/et_pb_text][\/et_pb_column][\/et_pb_row][\/et_pb_section][et_pb_section fb_built=&#8220;1&#8243; _builder_version=&#8220;4.27.4&#8243; _module_preset=&#8220;default&#8220; custom_padding=&#8220;50px|0px|120px|0px|false|false&#8220; global_colors_info=&#8220;{}&#8220;][et_pb_row _builder_version=&#8220;4.27.4&#8243; _module_preset=&#8220;default&#8220; global_colors_info=&#8220;{}&#8220;][et_pb_column type=&#8220;4_4&#8243; _builder_version=&#8220;4.27.4&#8243; _module_preset=&#8220;default&#8220; global_colors_info=&#8220;{}&#8220;][et_pb_text _builder_version=&#8220;4.27.4&#8243; _module_preset=&#8220;default&#8220; global_colors_info=&#8220;{}&#8220;]<\/p>\n<p style=\"font-size: 25px; font-weight: 800; color: #294462;\">Bewirb dich jetzt!<\/p>\n<p>[\/et_pb_text][et_pb_text _builder_version=&#8220;4.27.4&#8243; _module_preset=&#8220;default&#8220; max_width=&#8220;800px&#8220; global_colors_info=&#8220;{}&#8220;]Sende deinen Lebenslauf und ein m\u00f6gliches Eintrittsdatum sowie deine Einsatzm\u00f6glichkeiten per E-Mail an <strong>jobs@innoface.de<\/strong>.[\/et_pb_text][et_pb_text _builder_version=&#8220;4.27.4&#8243; _module_preset=&#8220;default&#8220; global_colors_info=&#8220;{}&#8220;]<a href=\"mailto:jobs@innoface.de\">jobs@innoface.de<\/a><br \/>\n<a href=\"tel:+4733378901\" style=\"color: #294462;\">+49 721 6268 730<\/a>[\/et_pb_text][et_pb_text _builder_version=&#8220;4.27.4&#8243; _module_preset=&#8220;default&#8220; max_width=&#8220;800px&#8220; global_colors_info=&#8220;{}&#8220;]<\/p>\n<p><strong>Bist du bereit, mit uns die Technologiewelt zu gestalten?<\/strong> <br \/>Dann freuen wir uns auf deine Bewerbung!<\/p>\n<p>[\/et_pb_text][\/et_pb_column][\/et_pb_row][et_pb_row column_structure=&#8220;1_2,1_4,1_4&#8243; _builder_version=&#8220;4.27.4&#8243; _module_preset=&#8220;default&#8220; custom_margin=&#8220;25px||0px||false|false&#8220; global_colors_info=&#8220;{}&#8220;][et_pb_column type=&#8220;1_2&#8243; _builder_version=&#8220;4.27.4&#8243; _module_preset=&#8220;default&#8220; global_colors_info=&#8220;{}&#8220;][et_pb_button button_url=&#8220;@ET-DC@eyJkeW5hbWljIjp0cnVlLCJjb250ZW50IjoicG9zdF9saW5rX3VybF9wYWdlIiwic2V0dGluZ3MiOnsicG9zdF9pZCI6IjQyMyJ9fQ==@&#8220; button_text=&#8220;Zur\u00fcck&#8220; _builder_version=&#8220;4.27.4&#8243; _dynamic_attributes=&#8220;button_url&#8220; _module_preset=&#8220;6447d4d6-73c4-4767-96d9-8d223a5ec92f&#8220; button_icon=&#8220;&#xf104;||fa||900&#8243; button_icon_placement=&#8220;left&#8220; custom_padding=&#8220;10px|35px|10px|45px|false|false&#8220; global_colors_info=&#8220;{}&#8220;][\/et_pb_button][\/et_pb_column][et_pb_column type=&#8220;1_4&#8243; _builder_version=&#8220;4.27.4&#8243; _module_preset=&#8220;default&#8220; global_colors_info=&#8220;{}&#8220;][et_pb_button button_url=&#8220;@ET-DC@eyJkeW5hbWljIjp0cnVlLCJjb250ZW50IjoicG9zdF9saW5rX3VybF9hdHRhY2htZW50Iiwic2V0dGluZ3MiOnsicG9zdF9pZCI6IjMzMjEifX0=@&#8220; button_text=&#8220;PDF herunterladen&#8220; button_alignment=&#8220;right&#8220; _builder_version=&#8220;4.27.4&#8243; _dynamic_attributes=&#8220;button_url&#8220; _module_preset=&#8220;6447d4d6-73c4-4767-96d9-8d223a5ec92f&#8220; button_icon=&#8220;&#xe092;||divi||400&#8243; global_colors_info=&#8220;{}&#8220;][\/et_pb_button][\/et_pb_column][et_pb_column type=&#8220;1_4&#8243; _builder_version=&#8220;4.27.4&#8243; _module_preset=&#8220;default&#8220; global_colors_info=&#8220;{}&#8220;][et_pb_button button_url=&#8220;mailto:jobs@innoface.de&#8220; url_new_window=&#8220;on&#8220; button_text=&#8220;Jetzt bewerben!&#8220; _builder_version=&#8220;4.27.4&#8243; _module_preset=&#8220;d8ad5073-12eb-4bcd-903a-578280b8f7e4&#8243; button_use_icon=&#8220;off&#8220; custom_padding=&#8220;10px|25px|10px|25px|false|false&#8220; global_colors_info=&#8220;{}&#8220;][\/et_pb_button][\/et_pb_column][\/et_pb_row][\/et_pb_section]<\/p>\n","protected":false},"excerpt":{"rendered":"<p>WerkstudentQualit\u00e4tssicherung\/ Softwareentwicklung(w\/d\/m)Gestalte Deine berufliche Zukunft mit uns!Bereit f\u00fcr echte Projekte? Als Werkstudent in der Softwareentwicklung bei Innoface wirst du nicht nur theoretisches Wissen anwenden, sondern auch aktiv unsere Produkte weiterentwickeln und unser Team mit deiner frischen Perspektive und dynamischen Ideen bereichern.Innoface AGUnsere Integrationsl\u00f6sung CoreFace auf der Basis von AWS koppelt das weltweit verbreitete PTC Windchill [&hellip;]<\/p>\n","protected":false},"author":2,"featured_media":0,"parent":423,"menu_order":0,"comment_status":"closed","ping_status":"closed","template":"","meta":{"_acf_changed":false,"_et_pb_use_builder":"on","_et_pb_old_content":"","_et_gb_content_width":"","footnotes":""},"dipi_cpt_category":[],"class_list":["post-3299","page","type-page","status-publish","hentry"],"acf":[],"aioseo_notices":[],"_links":{"self":[{"href":"https:\/\/www.innoface.com\/de\/wp-json\/wp\/v2\/pages\/3299","targetHints":{"allow":["GET"]}}],"collection":[{"href":"https:\/\/www.innoface.com\/de\/wp-json\/wp\/v2\/pages"}],"about":[{"href":"https:\/\/www.innoface.com\/de\/wp-json\/wp\/v2\/types\/page"}],"author":[{"embeddable":true,"href":"https:\/\/www.innoface.com\/de\/wp-json\/wp\/v2\/users\/2"}],"replies":[{"embeddable":true,"href":"https:\/\/www.innoface.com\/de\/wp-json\/wp\/v2\/comments?post=3299"}],"version-history":[{"count":9,"href":"https:\/\/www.innoface.com\/de\/wp-json\/wp\/v2\/pages\/3299\/revisions"}],"predecessor-version":[{"id":3333,"href":"https:\/\/www.innoface.com\/de\/wp-json\/wp\/v2\/pages\/3299\/revisions\/3333"}],"up":[{"embeddable":true,"href":"https:\/\/www.innoface.com\/de\/wp-json\/wp\/v2\/pages\/423"}],"wp:attachment":[{"href":"https:\/\/www.innoface.com\/de\/wp-json\/wp\/v2\/media?parent=3299"}],"wp:term":[{"taxonomy":"dipi_cpt_category","embeddable":true,"href":"https:\/\/www.innoface.com\/de\/wp-json\/wp\/v2\/dipi_cpt_category?post=3299"}],"curies":[{"name":"wp","href":"https:\/\/api.w.org\/{rel}","templated":true}]}}