{"id":1659,"date":"2025-05-09T13:14:25","date_gmt":"2025-05-09T13:14:25","guid":{"rendered":"https:\/\/innoface.com\/?page_id=1659"},"modified":"2026-01-16T10:11:11","modified_gmt":"2026-01-16T10:11:11","slug":"partnerschaften","status":"publish","type":"page","link":"https:\/\/www.innoface.com\/de\/partnerschaften\/","title":{"rendered":"Partnerschaften"},"content":{"rendered":"<p>[et_pb_section fb_built=&#8220;1&#8243; next_background_color=&#8220;#ffffff&#8220; _builder_version=&#8220;4.27.4&#8243; _module_preset=&#8220;default&#8220; background_color=&#8220;#294462&#8243; background_image=&#8220;https:\/\/www.innoface.com\/wp-content\/uploads\/2025\/03\/20230426_Innoface22547.jpg&#8220; height=&#8220;50vh&#8220; height_tablet=&#8220;450px&#8220; height_phone=&#8220;35vh&#8220; height_last_edited=&#8220;on|phone&#8220; top_divider_height_tablet=&#8220;60px&#8220; top_divider_height_phone=&#8220;30px&#8220; top_divider_height_last_edited=&#8220;on|phone&#8220; bottom_divider_style=&#8220;slant&#8220; bottom_divider_flip=&#8220;vertical&#8220; bottom_divider_height_tablet=&#8220;60px&#8220; bottom_divider_height_phone=&#8220;40px&#8220; bottom_divider_height_last_edited=&#8220;on|phone&#8220; hover_enabled=&#8220;0&#8243; global_colors_info=&#8220;{}&#8220; sticky_enabled=&#8220;0&#8243;][et_pb_row _builder_version=&#8220;4.27.4&#8243; _module_preset=&#8220;default&#8220; positioning=&#8220;absolute&#8220; position_origin_a=&#8220;center_center&#8220; global_colors_info=&#8220;{}&#8220;][et_pb_column type=&#8220;4_4&#8243; _builder_version=&#8220;4.27.4&#8243; _module_preset=&#8220;default&#8220; global_colors_info=&#8220;{}&#8220;][\/et_pb_column][\/et_pb_row][\/et_pb_section][et_pb_section fb_built=&#8220;1&#8243; custom_padding_last_edited=&#8220;on|phone&#8220; _builder_version=&#8220;4.27.4&#8243; _module_preset=&#8220;default&#8220; custom_padding=&#8220;70px|0px|80px|0px|false|false&#8220; custom_padding_tablet=&#8220;80px||40px||false|false&#8220; custom_padding_phone=&#8220;60px||20px||false|false&#8220; global_colors_info=&#8220;{}&#8220;][et_pb_row _builder_version=&#8220;4.27.4&#8243; _module_preset=&#8220;default&#8220; global_colors_info=&#8220;{}&#8220;][et_pb_column type=&#8220;4_4&#8243; _builder_version=&#8220;4.27.4&#8243; _module_preset=&#8220;default&#8220; global_colors_info=&#8220;{}&#8220;][et_pb_text _builder_version=&#8220;4.27.4&#8243; _module_preset=&#8220;79101eed-a10a-4af4-8e1e-80c0f5048178&#8243; max_width=&#8220;900px&#8220; header_font_size_tablet=&#8220;&#8220; header_font_size_phone=&#8220;50px&#8220; header_font_size_last_edited=&#8220;on|phone&#8220; global_colors_info=&#8220;{}&#8220;]<\/p>\n<h1>Partner&shy;schaf&shy;ten aus dem PTC-Umfeld<\/h1>\n<p>[\/et_pb_text][et_pb_text _builder_version=&#8220;4.27.4&#8243; _module_preset=&#8220;default&#8220; text_orientation=&#8220;center&#8220; max_width=&#8220;800px&#8220; module_alignment=&#8220;center&#8220; custom_margin=&#8220;||45px||false|false&#8220; global_colors_info=&#8220;{}&#8220;]<\/p>\n<p style=\"font-size: 22px; font-weight: 800; color: #aeca00; text-align: center;\">Eine Partnerschaft, die sich auch f\u00fcr Sie und Ihre Kunden lohnt.<\/p>\n<p>[\/et_pb_text][et_pb_text _builder_version=&#8220;4.27.4&#8243; _module_preset=&#8220;03346d58-d59c-4878-9c60-89c2fd8e9c0d&#8220; text_orientation=&#8220;center&#8220; global_colors_info=&#8220;{}&#8220;]<\/p>\n<p style=\"text-align: justify;\">Als Mitglied im PTC Partner Network sind wir offen und freuen uns \u00fcber eine Zusammen\u00adarbeit mit anderen Partnern aus dem PTC Umfeld. Unsere lang\u00adj\u00e4hrige Erfahrung und Expertise auf PTC und ERP Seite garan\u00adtieren einen optimalen Blick\u00adwinkel auf die Heraus\u00adforder\u00adungen in solchen Projekten.<\/p>\n<p style=\"text-align: justify;\">Wir unter\u00adst\u00fctzen Sie als Partner bereits in der Presales Phase, um das Projekt gemeinsam zu gewinnen.<br \/>Der Einsatz unserer standard\u00adisierten Software erm\u00f6glicht eine Imple\u00admen\u00adtierung in hoher Geschwindig\u00adkeit. In Zusammen\u00adarbeit mit unseren Partnern decken wir alle Aspekte ab, die ein PLM-Projekt mit Kopplung zu einem ERP System erfordert und erfolg\u00adreich macht.<\/p>\n<p>[\/et_pb_text][\/et_pb_column][\/et_pb_row][\/et_pb_section][et_pb_section fb_built=&#8220;1&#8243; _builder_version=&#8220;4.27.4&#8243; _module_preset=&#8220;default&#8220; custom_padding=&#8220;80px|0px|80px|0px|false|false&#8220; global_colors_info=&#8220;{}&#8220;][et_pb_row _builder_version=&#8220;4.27.4&#8243; _module_preset=&#8220;default&#8220; global_colors_info=&#8220;{}&#8220;][et_pb_column type=&#8220;4_4&#8243; _builder_version=&#8220;4.27.4&#8243; _module_preset=&#8220;default&#8220; global_colors_info=&#8220;{}&#8220;][et_pb_text _builder_version=&#8220;4.27.4&#8243; _module_preset=&#8220;c609f747-3efd-4675-b45c-61f1b0d12687&#8243; text_text_color=&#8220;#55EEFF&#8220; hover_enabled=&#8220;0&#8243; global_colors_info=&#8220;{}&#8220; content_last_edited=&#8220;on|phone&#8220; content_phone=&#8220;<\/p>\n<h4 style=%22text-align: left;%22>KOOPERATION<\/h4>\n<p>&#8220; sticky_enabled=&#8220;0&#8243; content_tablet=&#8220;<\/p>\n<h4 style=%22text-align: center;%22>KOOPERATION<\/h4>\n<p>&#8222;]<\/p>\n<h4 style=\"text-align: center;\">KOOPERATION<\/h4>\n<p>[\/et_pb_text][et_pb_text _builder_version=&#8220;4.27.4&#8243; _module_preset=&#8220;64d5c9e0-c95f-4def-ac72-a9f876cec237&#8243; hover_enabled=&#8220;0&#8243; header_2_font_size_tablet=&#8220;&#8220; header_2_font_size_phone=&#8220;45px&#8220; header_2_font_size_last_edited=&#8220;on|phone&#8220; global_colors_info=&#8220;{}&#8220; content_last_edited=&#8220;on|phone&#8220; content_phone=&#8220;<\/p>\n<h2 style=%22text-align: left;%22>Partner mit denen wir intensiv zusammen\u00adarbeiten<\/h2>\n<p>&#8220; sticky_enabled=&#8220;0&#8243; content_tablet=&#8220;<\/p>\n<h2 style=%22text-align: center;%22>Partner mit denen wir intensiv zusammen\u00adarbeiten<\/h2>\n<p>&#8222;]<\/p>\n<h2 style=\"text-align: center;\">Partner mit denen wir intensiv zusammen\u00adarbeiten<\/h2>\n<p>[\/et_pb_text][\/et_pb_column][\/et_pb_row][\/et_pb_section][et_pb_section fb_built=&#8220;1&#8243; custom_padding_last_edited=&#8220;on|tablet&#8220; _builder_version=&#8220;4.27.4&#8243; _module_preset=&#8220;default&#8220; custom_padding=&#8220;40px|0px|80px|0px|false|false&#8220; custom_padding_tablet=&#8220;80px||0px||false|false&#8220; custom_padding_phone=&#8220;0px||0px||false|false&#8220; global_colors_info=&#8220;{}&#8220;][et_pb_row column_structure=&#8220;1_3,2_3&#8243; make_equal=&#8220;on&#8220; custom_padding_last_edited=&#8220;on|tablet&#8220; _builder_version=&#8220;4.27.4&#8243; _module_preset=&#8220;default&#8220; custom_margin=&#8220;0px||50px||false|false&#8220; custom_padding_tablet=&#8220;||0px||false|false&#8220; custom_padding_phone=&#8220;||0px||false|false&#8220; global_colors_info=&#8220;{}&#8220;][et_pb_column type=&#8220;1_3&#8243; _builder_version=&#8220;4.27.4&#8243; _module_preset=&#8220;default&#8220; custom_padding_tablet=&#8220;50px||||false|false&#8220; custom_padding_phone=&#8220;25px||||false|false&#8220; custom_padding_last_edited=&#8220;on|phone&#8220; global_colors_info=&#8220;{}&#8220;][et_pb_image src=&#8220;https:\/\/www.innoface.com\/wp-content\/uploads\/2025\/12\/ptc_master_logo.svg&#8220; title_text=&#8220;ptc_master_logo&#8220; _builder_version=&#8220;4.27.4&#8243; _module_preset=&#8220;default&#8220; width=&#8220;70%&#8220; width_tablet=&#8220;70%&#8220; width_phone=&#8220;70%&#8220; width_last_edited=&#8220;on|phone&#8220; hover_enabled=&#8220;0&#8243; global_colors_info=&#8220;{}&#8220; sticky_enabled=&#8220;0&#8243;][\/et_pb_image][et_pb_text content_tablet=&#8220;<\/p>\n<p>Partnerschaft seit 2005<\/p>\n<p>&#8220; content_phone=&#8220;<\/p>\n<p style=%22text-align: right;%22><em>Partnerschaft seit 2005<\/em><\/p>\n<p>&#8220; content_last_edited=&#8220;on|phone&#8220; _builder_version=&#8220;4.27.4&#8243; _module_preset=&#8220;default&#8220; text_text_color=&#8220;#525252&#8243; header_text_color=&#8220;#525252&#8243; min_height=&#8220;50.2px&#8220; custom_margin_tablet=&#8220;&#8220; custom_margin_phone=&#8220;||0px||false|false&#8220; custom_margin_last_edited=&#8220;on|phone&#8220; global_colors_info=&#8220;{}&#8220; content__hover_enabled=&#8220;off|desktop&#8220;]<\/p>\n<p>Partnerschaft seit 2005<\/p>\n<p>[\/et_pb_text][\/et_pb_column][et_pb_column type=&#8220;2_3&#8243; _builder_version=&#8220;4.27.4&#8243; _module_preset=&#8220;default&#8220; custom_padding_tablet=&#8220;||||false|false&#8220; custom_padding_phone=&#8220;||||false|false&#8220; custom_padding_last_edited=&#8220;on|tablet&#8220; custom_css_main_element=&#8220;margin: auto;&#8220; global_colors_info=&#8220;{}&#8220;][et_pb_text _builder_version=&#8220;4.27.4&#8243; _module_preset=&#8220;6c316b6e-6cd7-411f-9651-669fdc1c38da&#8220; text_text_color=&#8220;#525252&#8243; header_text_color=&#8220;#525252&#8243; max_width=&#8220;700px&#8220; min_height=&#8220;50.2px&#8220; custom_margin_tablet=&#8220;&#8220; custom_margin_phone=&#8220;-20px||30px||false|false&#8220; custom_margin_last_edited=&#8220;on|phone&#8220; global_colors_info=&#8220;{}&#8220;]<\/p>\n<p>Neuste Entwicklung ist die Bereitstellung von Windchill als Service in der Cloud. Windchill+ SaaS PLM stellt das leistungsf\u00e4hige PLM System Windchill direkt zur Verwendung aus der Cloud zur Verf\u00fcgung. Unser neues Produkt CoreFace, dass ebenfalls als SaaS in der Cloud zur Verf\u00fcgung steht, ist daf\u00fcr konzipiert insbesondere Windchill+ mit den favorisierten ERP Systemen, wie SAP ECC, S\/4HANA, MS Dynamics 365 FO und anderen zu integrieren. Dar\u00fcber hinaus stellt <a href=\"https:\/\/www.ptc.com\/de\" target=\"_blank\" rel=\"noopener\"><strong>PTC<\/strong><\/a> mit ThingWorx eine sehr leistungsf\u00e4hige ioT-Plattform zur Verf\u00fcgung.<\/p>\n<p>[\/et_pb_text][\/et_pb_column][\/et_pb_row][et_pb_row column_structure=&#8220;1_3,2_3&#8243; make_equal=&#8220;on&#8220; custom_padding_last_edited=&#8220;on|tablet&#8220; _builder_version=&#8220;4.27.4&#8243; _module_preset=&#8220;default&#8220; custom_margin=&#8220;0px||50px||false|false&#8220; custom_padding_tablet=&#8220;||0px||false|false&#8220; custom_padding_phone=&#8220;||0px||false|false&#8220; global_colors_info=&#8220;{}&#8220;][et_pb_column type=&#8220;1_3&#8243; _builder_version=&#8220;4.27.4&#8243; _module_preset=&#8220;default&#8220; custom_padding_tablet=&#8220;50px||||false|false&#8220; custom_padding_phone=&#8220;25px||||false|false&#8220; custom_padding_last_edited=&#8220;on|phone&#8220; global_colors_info=&#8220;{}&#8220;][et_pb_image src=&#8220;https:\/\/www.innoface.com\/wp-content\/uploads\/2025\/05\/Aveniq-1920w.png.webp&#8220; title_text=&#8220;Aveniq-1920w.png&#8220; _builder_version=&#8220;4.27.4&#8243; _module_preset=&#8220;default&#8220; width=&#8220;70%&#8220; width_tablet=&#8220;70%&#8220; width_phone=&#8220;70%&#8220; width_last_edited=&#8220;on|phone&#8220; global_colors_info=&#8220;{}&#8220;][\/et_pb_image][et_pb_text content_tablet=&#8220;<\/p>\n<p>Partnerschaft seit 2025<\/p>\n<p>&#8220; content_phone=&#8220;<\/p>\n<p style=%22text-align: right;%22><em>Partnerschaft seit 2025<\/em><\/p>\n<p>&#8220; content_last_edited=&#8220;on|phone&#8220; _builder_version=&#8220;4.27.4&#8243; _module_preset=&#8220;default&#8220; text_text_color=&#8220;#525252&#8243; header_text_color=&#8220;#525252&#8243; min_height=&#8220;50.2px&#8220; custom_margin_tablet=&#8220;&#8220; custom_margin_phone=&#8220;||0px||false|false&#8220; custom_margin_last_edited=&#8220;on|phone&#8220; global_colors_info=&#8220;{}&#8220;]<\/p>\n<p>Partnerschaft seit 2025<\/p>\n<p>[\/et_pb_text][\/et_pb_column][et_pb_column type=&#8220;2_3&#8243; _builder_version=&#8220;4.27.4&#8243; _module_preset=&#8220;default&#8220; custom_padding_tablet=&#8220;||||false|false&#8220; custom_padding_phone=&#8220;||||false|false&#8220; custom_padding_last_edited=&#8220;on|tablet&#8220; custom_css_main_element=&#8220;margin: auto;&#8220; global_colors_info=&#8220;{}&#8220;][et_pb_text _builder_version=&#8220;4.27.4&#8243; _module_preset=&#8220;default&#8220; text_text_color=&#8220;#525252&#8243; header_text_color=&#8220;#525252&#8243; max_width=&#8220;700px&#8220; min_height=&#8220;50.2px&#8220; custom_margin_tablet=&#8220;&#8220; custom_margin_phone=&#8220;-20px||30px||false|false&#8220; custom_margin_last_edited=&#8220;on|phone&#8220; global_colors_info=&#8220;{}&#8220;]<\/p>\n<p><strong><a href=\"https:\/\/aveniq.ch\/\" target=\"_blank\" rel=\"noopener\">Aveniq<\/a><\/strong> ist ein f\u00fchrendes Schweizer IT-Dienstleistungsunternehmen und prim\u00e4r in den Branchen Finanzwirtschaft, Gesundheitswesen, Industrie, Recht und Versorger t\u00e4tig. Aveniq bietet seinen Kunden ganzheitliche IT-Services aus einer Hand, einschlie\u00dflich Cloud &amp; Datacenter, Workplace-L\u00f6sungen, SAP-Beratung und -Implementierung, RPA, Digitalisierungsl\u00f6sungen sowie CAD\/PLM-L\u00f6sungen und Beratungsdienstleistungen mit Schwerpunkt IT-Ausbildung, IT-Infrastruktur, IT-Security und Business Continuity.<\/p>\n<p>[\/et_pb_text][\/et_pb_column][\/et_pb_row][et_pb_row column_structure=&#8220;1_3,2_3&#8243; make_equal=&#8220;on&#8220; custom_padding_last_edited=&#8220;on|tablet&#8220; _builder_version=&#8220;4.27.4&#8243; _module_preset=&#8220;default&#8220; custom_margin=&#8220;0px||50px||false|false&#8220; custom_padding_tablet=&#8220;||0px||false|false&#8220; custom_padding_phone=&#8220;||0px||false|false&#8220; global_colors_info=&#8220;{}&#8220;][et_pb_column type=&#8220;1_3&#8243; _builder_version=&#8220;4.27.4&#8243; _module_preset=&#8220;default&#8220; custom_padding_tablet=&#8220;50px||||false|false&#8220; custom_padding_phone=&#8220;25px||||false|false&#8220; custom_padding_last_edited=&#8220;on|phone&#8220; global_colors_info=&#8220;{}&#8220;][et_pb_image src=&#8220;https:\/\/www.innoface.com\/wp-content\/uploads\/2025\/05\/Arsandis-Logo.png&#8220; title_text=&#8220;Arsandis-Logo&#8220; _builder_version=&#8220;4.27.4&#8243; _module_preset=&#8220;default&#8220; width=&#8220;70%&#8220; width_tablet=&#8220;70%&#8220; width_phone=&#8220;70%&#8220; width_last_edited=&#8220;on|phone&#8220; global_colors_info=&#8220;{}&#8220;][\/et_pb_image][et_pb_text content_tablet=&#8220;<\/p>\n<p>Partnerschaft seit 2025<\/p>\n<p>&#8220; content_phone=&#8220;<\/p>\n<p style=%22text-align: right;%22><em>Partnerschaft seit 2025<\/em><\/p>\n<p>&#8220; content_last_edited=&#8220;on|phone&#8220; _builder_version=&#8220;4.27.4&#8243; _module_preset=&#8220;default&#8220; text_text_color=&#8220;#525252&#8243; header_text_color=&#8220;#525252&#8243; min_height=&#8220;50.2px&#8220; custom_margin_tablet=&#8220;&#8220; custom_margin_phone=&#8220;||0px||false|false&#8220; custom_margin_last_edited=&#8220;on|phone&#8220; global_colors_info=&#8220;{}&#8220;]<\/p>\n<p>Partnerschaft seit 2025<\/p>\n<p>[\/et_pb_text][\/et_pb_column][et_pb_column type=&#8220;2_3&#8243; _builder_version=&#8220;4.27.4&#8243; _module_preset=&#8220;default&#8220; custom_padding_tablet=&#8220;||||false|false&#8220; custom_padding_phone=&#8220;||||false|false&#8220; custom_padding_last_edited=&#8220;on|tablet&#8220; custom_css_main_element=&#8220;margin: auto;&#8220; global_colors_info=&#8220;{}&#8220;][et_pb_text _builder_version=&#8220;4.27.4&#8243; _module_preset=&#8220;default&#8220; text_text_color=&#8220;#525252&#8243; header_text_color=&#8220;#525252&#8243; max_width=&#8220;700px&#8220; min_height=&#8220;50.2px&#8220; custom_margin_tablet=&#8220;&#8220; custom_margin_phone=&#8220;-20px||0px||false|false&#8220; custom_margin_last_edited=&#8220;on|phone&#8220; global_colors_info=&#8220;{}&#8220;]<\/p>\n<p><strong><a href=\"https:\/\/www.arsandis.com\/de\/\" target=\"_blank\" rel=\"noopener\">Arsandis<\/a><\/strong> ist ein IT-Beratungs- und Dienstleistungsunternehmen, mit Sitz in Bayern, Deutschland. Die Experten bei Arsandis beraten seit \u00fcber 20 Jahren namhafte Unternehmen aus den Bereichen Maschinenbau, Automotive, Aerospace, HighTech und Telekommunikation. Gemeinsam mit seinen Kunden werden alle Aspekte der Produktentstehung und des Produktservice optimiert. Hier spielen effektiv e Prozesse eine ebenso wichtige Rolle wie der Einsatz der passenden Technologien. Mit den bew\u00e4hrten User Enablement Programm sorgt Arsandis f\u00fcr eine maximale Durchschlagskraft der Kundeninitiativen. Kunden v on Arsandis sind weltweit ans\u00e4ssig und\/oder t\u00e4tig.<\/p>\n<p>[\/et_pb_text][\/et_pb_column][\/et_pb_row][\/et_pb_section][et_pb_section fb_built=&#8220;1&#8243; _builder_version=&#8220;4.27.4&#8243; _module_preset=&#8220;default&#8220; background_image=&#8220;https:\/\/innoface.com\/wp-content\/uploads\/2025\/09\/Img_element_2.svg&#8220; background_size=&#8220;custom&#8220; custom_padding=&#8220;80px|0px|80px|0px|false|false&#8220; hover_enabled=&#8220;0&#8243; global_colors_info=&#8220;{}&#8220; theme_builder_area=&#8220;post_content&#8220; background_image_height=&#8220;25%&#8220; sticky_enabled=&#8220;0&#8243; disabled_on=&#8220;off|on|on&#8220;][\/et_pb_section][et_pb_section fb_built=&#8220;1&#8243; _builder_version=&#8220;4.27.4&#8243; _module_preset=&#8220;default&#8220; custom_padding=&#8220;80px|0px|65px|0px|false|false&#8220; global_colors_info=&#8220;{}&#8220;][et_pb_row _builder_version=&#8220;4.27.4&#8243; _module_preset=&#8220;default&#8220; global_colors_info=&#8220;{}&#8220;][et_pb_column type=&#8220;4_4&#8243; _builder_version=&#8220;4.27.4&#8243; _module_preset=&#8220;default&#8220; global_colors_info=&#8220;{}&#8220;][et_pb_text _builder_version=&#8220;4.27.4&#8243; _module_preset=&#8220;c609f747-3efd-4675-b45c-61f1b0d12687&#8243; text_text_color=&#8220;#55EEFF&#8220; hover_enabled=&#8220;0&#8243; global_colors_info=&#8220;{}&#8220; content_last_edited=&#8220;on|phone&#8220; content_phone=&#8220;<\/p>\n<h4 style=%22text-align: left;%22>Netzwerk<\/h4>\n<p>&#8220; sticky_enabled=&#8220;0&#8243; content_tablet=&#8220;<\/p>\n<h4 style=%22text-align: center;%22>Netzwerk<\/h4>\n<p>&#8222;]<\/p>\n<h4 style=\"text-align: center;\">Netzwerk<\/h4>\n<p>[\/et_pb_text][et_pb_text _builder_version=&#8220;4.27.4&#8243; _module_preset=&#8220;64d5c9e0-c95f-4def-ac72-a9f876cec237&#8243; custom_margin=&#8220;||35px||false|false&#8220; hover_enabled=&#8220;0&#8243; global_colors_info=&#8220;{}&#8220; content_last_edited=&#8220;on|phone&#8220; content_phone=&#8220;<\/p>\n<h2 style=%22text-align: left;%22>Software- und Techno&shy;logie&shy;partner<\/h2>\n<p>&#8220; sticky_enabled=&#8220;0&#8243; content_tablet=&#8220;<\/p>\n<h2 style=%22text-align: center;%22>Software- und Technologie Partner<\/h2>\n<p>&#8222;]<\/p>\n<h2 style=\"text-align: center;\">Software- und Technologie Partner<\/h2>\n<p>[\/et_pb_text][et_pb_text _builder_version=&#8220;4.27.4&#8243; _module_preset=&#8220;03346d58-d59c-4878-9c60-89c2fd8e9c0d&#8220; text_orientation=&#8220;center&#8220; global_colors_info=&#8220;{}&#8220;]<\/p>\n<p style=\"text-align: justify;\">Als Schnittstellenanbieter ist es wichtig, mit den Anbietern der zu integrierenden Systeme eng zusammenzuarbeiten. Unsere Schnittstellen basieren auf den Seitens der Anbieter zur Verf\u00fcgung gestellten Standard APIs. Weiterhin wurde unser neues Produkt CoreFace auf Amazon Web Services (AWS) entwickelt und wird dort als SaaS zur Verf\u00fcgung gestellt. Wir haben uns daher vorgenommen, an den Partnerprogrammen der involvierten Systemanbieter teilzunehmen. So ist sichergestellt, dass Innoface-Schnittstellen auch in Zukunft die geforderten Standards der Anbieter einhalten und auch f\u00fcr die neuesten Versionen der gekoppelten Systeme einsatz bereit sind.<\/p>\n<p>[\/et_pb_text][\/et_pb_column][\/et_pb_row][\/et_pb_section][et_pb_section fb_built=&#8220;1&#8243; _builder_version=&#8220;4.27.4&#8243; _module_preset=&#8220;default&#8220; custom_padding=&#8220;40px|0px|150px|0px|false|false&#8220; hover_enabled=&#8220;0&#8243; global_colors_info=&#8220;{}&#8220; disabled_on=&#8220;on|off|off&#8220; sticky_enabled=&#8220;0&#8243;][et_pb_row column_structure=&#8220;1_5,1_5,1_5,1_5,1_5&#8243; make_equal=&#8220;on&#8220; _builder_version=&#8220;4.27.4&#8243; _module_preset=&#8220;default&#8220; global_colors_info=&#8220;{}&#8220;][et_pb_column type=&#8220;1_5&#8243; _builder_version=&#8220;4.27.4&#8243; _module_preset=&#8220;default&#8220; custom_css_main_element=&#8220;align-self: center;&#8220; global_colors_info=&#8220;{}&#8220;][et_pb_image src=&#8220;https:\/\/www.innoface.com\/wp-content\/uploads\/2025\/12\/PTC-partner-network_Logo-1.svg&#8220; title_text=&#8220;PTC-partner-network_Logo&#8220; align=&#8220;center&#8220; _builder_version=&#8220;4.27.4&#8243; _module_preset=&#8220;default&#8220; global_colors_info=&#8220;{}&#8220;][\/et_pb_image][\/et_pb_column][et_pb_column type=&#8220;1_5&#8243; _builder_version=&#8220;4.27.4&#8243; _module_preset=&#8220;default&#8220; custom_css_main_element=&#8220;align-self: center;&#8220; global_colors_info=&#8220;{}&#8220;][et_pb_image src=&#8220;https:\/\/www.innoface.com\/wp-content\/uploads\/2025\/05\/sap_partener_edge-1920w.png&#8220; title_text=&#8220;sap_partener_edge-1920w&#8220; align=&#8220;center&#8220; _builder_version=&#8220;4.27.4&#8243; _module_preset=&#8220;default&#8220; global_colors_info=&#8220;{}&#8220;][\/et_pb_image][\/et_pb_column][et_pb_column type=&#8220;1_5&#8243; _builder_version=&#8220;4.27.4&#8243; _module_preset=&#8220;default&#8220; global_colors_info=&#8220;{}&#8220;][et_pb_image src=&#8220;https:\/\/www.innoface.com\/wp-content\/uploads\/2025\/11\/Microsoft-Partner-Network-Logo-RGB.svg&#8220; title_text=&#8220;Microsoft-Partner-Network-Logo-RGB&#8220; align=&#8220;center&#8220; _builder_version=&#8220;4.27.4&#8243; _module_preset=&#8220;default&#8220; global_colors_info=&#8220;{}&#8220;][\/et_pb_image][\/et_pb_column][et_pb_column type=&#8220;1_5&#8243; _builder_version=&#8220;4.27.4&#8243; _module_preset=&#8220;default&#8220; global_colors_info=&#8220;{}&#8220;][et_pb_image src=&#8220;https:\/\/www.innoface.com\/wp-content\/uploads\/2025\/11\/Oracle-Partner-Network-Logo-RGB.svg&#8220; title_text=&#8220;Oracle-Partner-Network-Logo-RGB&#8220; align=&#8220;center&#8220; _builder_version=&#8220;4.27.4&#8243; _module_preset=&#8220;default&#8220; global_colors_info=&#8220;{}&#8220;][\/et_pb_image][\/et_pb_column][et_pb_column type=&#8220;1_5&#8243; _builder_version=&#8220;4.27.4&#8243; _module_preset=&#8220;default&#8220; global_colors_info=&#8220;{}&#8220;][et_pb_image src=&#8220;https:\/\/www.innoface.com\/wp-content\/uploads\/2025\/05\/Amazon_Web_Services_Logo.svg.png&#8220; title_text=&#8220;Amazon_Web_Services_Logo.svg&#8220; _builder_version=&#8220;4.27.4&#8243; _module_preset=&#8220;default&#8220; width=&#8220;62%&#8220; module_alignment=&#8220;center&#8220; global_colors_info=&#8220;{}&#8220;][\/et_pb_image][\/et_pb_column][\/et_pb_row][\/et_pb_section][et_pb_section fb_built=&#8220;1&#8243; theme_builder_area=&#8220;post_content&#8220; _builder_version=&#8220;4.27.4&#8243; _module_preset=&#8220;default&#8220; disabled_on=&#8220;off|on|on&#8220; hover_enabled=&#8220;0&#8243; sticky_enabled=&#8220;0&#8243; custom_padding_phone=&#8220;0px||80px||false|false&#8220;][et_pb_row _builder_version=&#8220;4.27.4&#8243; _module_preset=&#8220;default&#8220; theme_builder_area=&#8220;post_content&#8220; width=&#8220;100%&#8220; hover_enabled=&#8220;0&#8243; sticky_enabled=&#8220;0&#8243;][et_pb_column _builder_version=&#8220;4.27.4&#8243; _module_preset=&#8220;default&#8220; type=&#8220;4_4&#8243; theme_builder_area=&#8220;post_content&#8220;][dipi_carousel _builder_version=&#8220;4.27.4&#8243; _module_preset=&#8220;default&#8220; theme_builder_area=&#8220;post_content&#8220; columns=&#8220;2&#8243; hover_enabled=&#8220;0&#8243; sticky_enabled=&#8220;0&#8243; loop_small=&#8220;on&#8220; autoplay_small=&#8220;on&#8220; continues_small=&#8220;on&#8220; autoplay_speed_small=&#8220;2200&#8243; dynamic_bullets=&#8220;off&#8220; centered=&#8220;on&#8220; speed=&#8220;2200&#8243; use_thumbnail_height=&#8220;on&#8220; thumbnail_height=&#8220;40px&#8220; thumbnail_fit=&#8220;contain&#8220;][dipi_carousel_child _builder_version=&#8220;4.27.4&#8243; _module_preset=&#8220;default&#8220; theme_builder_area=&#8220;post_content&#8220; img_src=&#8220;https:\/\/www.innoface.com\/wp-content\/uploads\/2026\/01\/PTC-partner-network_Logo_200.webp&#8220; hover_enabled=&#8220;0&#8243; sticky_enabled=&#8220;0&#8243;][\/dipi_carousel_child][dipi_carousel_child _builder_version=&#8220;4.27.4&#8243; _module_preset=&#8220;default&#8220; theme_builder_area=&#8220;post_content&#8220; img_src=&#8220;https:\/\/www.innoface.com\/wp-content\/uploads\/2026\/01\/SAP_PartnerEdge_blue.webp&#8220; hover_enabled=&#8220;0&#8243; sticky_enabled=&#8220;0&#8243;][\/dipi_carousel_child][dipi_carousel_child _builder_version=&#8220;4.27.4&#8243; _module_preset=&#8220;default&#8220; theme_builder_area=&#8220;post_content&#8220; img_src=&#8220;https:\/\/www.innoface.com\/wp-content\/uploads\/2026\/01\/Microsoft-Partner-Network-Logo-RGB_200.webp&#8220; hover_enabled=&#8220;0&#8243; sticky_enabled=&#8220;0&#8243;][\/dipi_carousel_child][dipi_carousel_child _builder_version=&#8220;4.27.4&#8243; _module_preset=&#8220;default&#8220; theme_builder_area=&#8220;post_content&#8220; img_src=&#8220;https:\/\/www.innoface.com\/wp-content\/uploads\/2026\/01\/Oracle-Partner-Network-Logo-RGB_200.webp&#8220; hover_enabled=&#8220;0&#8243; sticky_enabled=&#8220;0&#8243;][\/dipi_carousel_child][dipi_carousel_child _builder_version=&#8220;4.27.4&#8243; _module_preset=&#8220;default&#8220; theme_builder_area=&#8220;post_content&#8220; img_src=&#8220;https:\/\/www.innoface.com\/wp-content\/uploads\/2026\/01\/AWS_Logo_200.webp&#8220; hover_enabled=&#8220;0&#8243; sticky_enabled=&#8220;0&#8243;][\/dipi_carousel_child][\/dipi_carousel][\/et_pb_column][\/et_pb_row][\/et_pb_section]<\/p>\n","protected":false},"excerpt":{"rendered":"<p>Partner&shy;schaf&shy;ten aus dem PTC-UmfeldEine Partnerschaft, die sich auch f\u00fcr Sie und Ihre Kunden lohnt.Als Mitglied im PTC Partner Network sind wir offen und freuen uns \u00fcber eine Zusammen\u00adarbeit mit anderen Partnern aus dem PTC Umfeld. Unsere lang\u00adj\u00e4hrige Erfahrung und Expertise auf PTC und ERP Seite garan\u00adtieren einen optimalen Blick\u00adwinkel auf die Heraus\u00adforder\u00adungen in solchen Projekten. [&hellip;]<\/p>\n","protected":false},"author":1,"featured_media":0,"parent":0,"menu_order":0,"comment_status":"closed","ping_status":"closed","template":"","meta":{"_acf_changed":false,"_et_pb_use_builder":"on","_et_pb_old_content":"","_et_gb_content_width":"","footnotes":""},"dipi_cpt_category":[],"class_list":["post-1659","page","type-page","status-publish","hentry"],"acf":[],"aioseo_notices":[],"_links":{"self":[{"href":"https:\/\/www.innoface.com\/de\/wp-json\/wp\/v2\/pages\/1659","targetHints":{"allow":["GET"]}}],"collection":[{"href":"https:\/\/www.innoface.com\/de\/wp-json\/wp\/v2\/pages"}],"about":[{"href":"https:\/\/www.innoface.com\/de\/wp-json\/wp\/v2\/types\/page"}],"author":[{"embeddable":true,"href":"https:\/\/www.innoface.com\/de\/wp-json\/wp\/v2\/users\/1"}],"replies":[{"embeddable":true,"href":"https:\/\/www.innoface.com\/de\/wp-json\/wp\/v2\/comments?post=1659"}],"version-history":[{"count":23,"href":"https:\/\/www.innoface.com\/de\/wp-json\/wp\/v2\/pages\/1659\/revisions"}],"predecessor-version":[{"id":4124,"href":"https:\/\/www.innoface.com\/de\/wp-json\/wp\/v2\/pages\/1659\/revisions\/4124"}],"wp:attachment":[{"href":"https:\/\/www.innoface.com\/de\/wp-json\/wp\/v2\/media?parent=1659"}],"wp:term":[{"taxonomy":"dipi_cpt_category","embeddable":true,"href":"https:\/\/www.innoface.com\/de\/wp-json\/wp\/v2\/dipi_cpt_category?post=1659"}],"curies":[{"name":"wp","href":"https:\/\/api.w.org\/{rel}","templated":true}]}}